{"id":1945,"date":"2026-01-16T13:44:04","date_gmt":"2026-01-16T05:44:04","guid":{"rendered":"https:\/\/airscan.org\/?page_id=1945"},"modified":"2026-02-24T15:37:53","modified_gmt":"2026-02-24T07:37:53","slug":"contact","status":"publish","type":"page","link":"https:\/\/airscan.org\/fr\/contact\/","title":{"rendered":"Contactez-nous"},"content":{"rendered":"<div data-elementor-type=\"wp-page\" data-elementor-id=\"1945\" class=\"elementor elementor-1945\" data-elementor-post-type=\"page\">\n\t\t\t\t<div class=\"elementor-element elementor-element-f372977 e-flex e-con-boxed e-con e-parent\" data-id=\"f372977\" data-element_type=\"container\" data-e-type=\"container\">\n\t\t\t\t\t<div class=\"e-con-inner\">\n\t\t<div class=\"elementor-element elementor-element-3ebbce8 e-con-full e-flex e-con e-child\" data-id=\"3ebbce8\" data-element_type=\"container\" data-e-type=\"container\">\n\t\t<div class=\"elementor-element elementor-element-37d235f e-con-full e-flex e-con e-child\" data-id=\"37d235f\" data-element_type=\"container\" data-e-type=\"container\">\n\t\t\t\t<div class=\"elementor-element elementor-element-1d4aa62 elementor-widget elementor-widget-heading\" data-id=\"1d4aa62\" data-element_type=\"widget\" data-e-type=\"widget\" data-widget_type=\"heading.default\">\n\t\t\t\t<div class=\"elementor-widget-container\">\n\t\t\t\t\t<h1 class=\"elementor-heading-title elementor-size-default\">Contacter Airscan<\/h1>\t\t\t\t<\/div>\n\t\t\t\t<\/div>\n\t\t\t\t<div class=\"elementor-element elementor-element-52c8676 elementor-widget elementor-widget-text-editor\" data-id=\"52c8676\" data-element_type=\"widget\" data-e-type=\"widget\" data-widget_type=\"text-editor.default\">\n\t\t\t\t<div class=\"elementor-widget-container\">\n\t\t\t\t\t\t\t\t\t<p>Airscan travaille avec des organisations, des institutions et des individus engag\u00e9s dans l'am\u00e9lioration de la qualit\u00e9 de l'environnement et du bien-\u00eatre humain. Que vous envisagiez une collaboration, que vous souhaitiez en savoir plus sur notre travail ou que vous vouliez nous contacter pour une autre raison, c'est ici que ces conversations commencent.<\/p>\t\t\t\t\t\t\t\t<\/div>\n\t\t\t\t<\/div>\n\t\t\t\t<div class=\"elementor-element elementor-element-d250c3c elementor-widget-tablet__width-inherit elementor-widget elementor-widget-html\" data-id=\"d250c3c\" data-element_type=\"widget\" data-e-type=\"widget\" data-widget_type=\"html.default\">\n\t\t\t\t<div class=\"elementor-widget-container\">\n\t\t\t\t\t<iframe\n  src=\"https:\/\/airscan.odoo.com\/test-form-2\"\n  style=\"width: 100%; max-width: 100%; border: none; min-height: 450px; height: auto;\"\n  loading=\"lazy\"\n  referrerpolicy=\"no-referrer-when-downgrade\"\n><\/iframe>\t\t\t\t<\/div>\n\t\t\t\t<\/div>\n\t\t\t\t<\/div>\n\t\t\t\t<\/div>\n\t\t\t\t\t<\/div>\n\t\t\t\t<\/div>\n\t\t<div class=\"elementor-element elementor-element-ea35df0 e-flex e-con-boxed e-con e-parent\" data-id=\"ea35df0\" data-element_type=\"container\" data-e-type=\"container\">\n\t\t\t\t\t<div class=\"e-con-inner\">\n\t\t<div class=\"elementor-element elementor-element-0658992 e-con-full e-flex e-con e-child\" data-id=\"0658992\" data-element_type=\"container\" data-e-type=\"container\">\n\t\t\t\t<div class=\"elementor-element elementor-element-03f11fd elementor-widget-tablet__width-initial elementor-widget elementor-widget-heading\" data-id=\"03f11fd\" data-element_type=\"widget\" data-e-type=\"widget\" data-widget_type=\"heading.default\">\n\t\t\t\t<div class=\"elementor-widget-container\">\n\t\t\t\t\t<h2 class=\"elementor-heading-title elementor-size-default\">Nos implantations<\/h2>\t\t\t\t<\/div>\n\t\t\t\t<\/div>\n\t\t<div class=\"elementor-element elementor-element-0baea80 e-con-full e-grid e-con e-child\" data-id=\"0baea80\" data-element_type=\"container\" data-e-type=\"container\">\n\t\t<div class=\"elementor-element elementor-element-d8fd3dc e-con-full e-flex e-con e-child\" data-id=\"d8fd3dc\" data-element_type=\"container\" data-e-type=\"container\">\n\t\t\t\t<div class=\"elementor-element elementor-element-5bcd42a elementor-widget elementor-widget-image\" data-id=\"5bcd42a\" data-element_type=\"widget\" data-e-type=\"widget\" data-widget_type=\"image.default\">\n\t\t\t\t<div class=\"elementor-widget-container\">\n\t\t\t\t\t\t\t\t\t\t\t\t\t\t\t<img fetchpriority=\"high\" decoding=\"async\" width=\"800\" height=\"593\" src=\"https:\/\/airscan.org\/wp-content\/uploads\/2026\/02\/Airscan-Website-Project-Hero-1920-x-800-px-1080-x-800-px.webp\" class=\"attachment-large size-large wp-image-3870\" alt=\"Airscan \u00e0 Bruxelles\" srcset=\"https:\/\/airscan.org\/wp-content\/uploads\/2026\/02\/Airscan-Website-Project-Hero-1920-x-800-px-1080-x-800-px.webp 800w, https:\/\/airscan.org\/wp-content\/uploads\/2026\/02\/Airscan-Website-Project-Hero-1920-x-800-px-1080-x-800-px-768x569.webp 768w, https:\/\/airscan.org\/wp-content\/uploads\/2026\/02\/Airscan-Website-Project-Hero-1920-x-800-px-1080-x-800-px-16x12.webp 16w\" sizes=\"(max-width: 800px) 100vw, 800px\" \/>\t\t\t\t\t\t\t\t\t\t\t\t\t\t\t<\/div>\n\t\t\t\t<\/div>\n\t\t\t\t<div class=\"elementor-element elementor-element-b592456 elementor-widget elementor-widget-heading\" data-id=\"b592456\" data-element_type=\"widget\" data-e-type=\"widget\" data-widget_type=\"heading.default\">\n\t\t\t\t<div class=\"elementor-widget-container\">\n\t\t\t\t\t<h3 class=\"elementor-heading-title elementor-size-default\">Airscan Belgique<\/h3>\t\t\t\t<\/div>\n\t\t\t\t<\/div>\n\t\t\t\t<div class=\"elementor-element elementor-element-ae4921f elementor-widget elementor-widget-text-editor\" data-id=\"ae4921f\" data-element_type=\"widget\" data-e-type=\"widget\" data-widget_type=\"text-editor.default\">\n\t\t\t\t<div class=\"elementor-widget-container\">\n\t\t\t\t\t\t\t\t\t<p>Rue d&#039;Accolay 15\/17,<br \/>1000 Bruxelles, Belgique.<\/p>\t\t\t\t\t\t\t\t<\/div>\n\t\t\t\t<\/div>\n\t\t<div class=\"elementor-element elementor-element-14040e0 e-con-full e-flex e-con e-child\" data-id=\"14040e0\" data-element_type=\"container\" data-e-type=\"container\">\n\t\t\t\t<div class=\"elementor-element elementor-element-967e478 elementor-widget elementor-widget-heading\" data-id=\"967e478\" data-element_type=\"widget\" data-e-type=\"widget\" data-widget_type=\"heading.default\">\n\t\t\t\t<div class=\"elementor-widget-container\">\n\t\t\t\t\t<div class=\"elementor-heading-title elementor-size-default\"><a href=\"tel:%20+32%20474%20978%20399\">+32 47497 8399<\/a><\/div>\t\t\t\t<\/div>\n\t\t\t\t<\/div>\n\t\t\t\t<div class=\"elementor-element elementor-element-06fd60c elementor-widget elementor-widget-heading\" data-id=\"06fd60c\" data-element_type=\"widget\" data-e-type=\"widget\" data-widget_type=\"heading.default\">\n\t\t\t\t<div class=\"elementor-widget-container\">\n\t\t\t\t\t<div class=\"elementor-heading-title elementor-size-default\"><a href=\"mailto:%20info@airscan.org\">info@airscan.org<\/a><\/div>\t\t\t\t<\/div>\n\t\t\t\t<\/div>\n\t\t\t\t<\/div>\n\t\t<div class=\"elementor-element elementor-element-de6802b e-con-full e-flex e-con e-child\" data-id=\"de6802b\" data-element_type=\"container\" data-e-type=\"container\">\n\t\t\t\t<div class=\"elementor-element elementor-element-e5b6115 iconic-cta-map elementor-widget elementor-widget-button\" data-id=\"e5b6115\" data-element_type=\"widget\" data-e-type=\"widget\" data-widget_type=\"button.default\">\n\t\t\t\t<div class=\"elementor-widget-container\">\n\t\t\t\t\t\t\t\t\t<div class=\"elementor-button-wrapper\">\n\t\t\t\t\t<a class=\"elementor-button elementor-button-link elementor-size-sm\" href=\"#\">\n\t\t\t\t\t\t<span class=\"elementor-button-content-wrapper\">\n\t\t\t\t\t\t<span class=\"elementor-button-icon\">\n\t\t\t\t<svg aria-hidden=\"true\" class=\"e-font-icon-svg e-fas-map-marker-alt\" viewbox=\"0 0 384 512\" xmlns=\"http:\/\/www.w3.org\/2000\/svg\"><path d=\"M172.268 501.67C26.97 291.031 0 269.413 0 192 0 85.961 85.961 0 192 0s192 85.961 192 192c0 77.413-26.97 99.031-172.268 309.67-9.535 13.774-29.93 13.773-39.464 0zM192 272c44.183 0 80-35.817 80-80s-35.817-80-80-80-80 35.817-80 80 35.817 80 80 80z\"><\/path><\/svg>\t\t\t<\/span>\n\t\t\t\t\t\t\t\t\t<span class=\"elementor-button-text\">Obtenir un itin\u00e9raire<\/span>\n\t\t\t\t\t<\/span>\n\t\t\t\t\t<\/a>\n\t\t\t\t<\/div>\n\t\t\t\t\t\t\t\t<\/div>\n\t\t\t\t<\/div>\n\t\t\t\t<\/div>\n\t\t\t\t<\/div>\n\t\t<div class=\"elementor-element elementor-element-31fc878 e-con-full e-flex e-con e-child\" data-id=\"31fc878\" data-element_type=\"container\" data-e-type=\"container\">\n\t\t\t\t<div class=\"elementor-element elementor-element-4e03029 elementor-widget elementor-widget-image\" data-id=\"4e03029\" data-element_type=\"widget\" data-e-type=\"widget\" data-widget_type=\"image.default\">\n\t\t\t\t<div class=\"elementor-widget-container\">\n\t\t\t\t\t\t\t\t\t\t\t\t\t\t\t<img decoding=\"async\" width=\"800\" height=\"593\" src=\"https:\/\/airscan.org\/wp-content\/uploads\/2026\/02\/2-9.webp\" class=\"attachment-large size-large wp-image-3871\" alt=\"Airscan \u00e0 Kuala Lumpur\" srcset=\"https:\/\/airscan.org\/wp-content\/uploads\/2026\/02\/2-9.webp 800w, https:\/\/airscan.org\/wp-content\/uploads\/2026\/02\/2-9-768x569.webp 768w, https:\/\/airscan.org\/wp-content\/uploads\/2026\/02\/2-9-16x12.webp 16w\" sizes=\"(max-width: 800px) 100vw, 800px\" \/>\t\t\t\t\t\t\t\t\t\t\t\t\t\t\t<\/div>\n\t\t\t\t<\/div>\n\t\t\t\t<div class=\"elementor-element elementor-element-ad7199a elementor-widget elementor-widget-heading\" data-id=\"ad7199a\" data-element_type=\"widget\" data-e-type=\"widget\" data-widget_type=\"heading.default\">\n\t\t\t\t<div class=\"elementor-widget-container\">\n\t\t\t\t\t<h3 class=\"elementor-heading-title elementor-size-default\">Airscan Malaisie<\/h3>\t\t\t\t<\/div>\n\t\t\t\t<\/div>\n\t\t\t\t<div class=\"elementor-element elementor-element-b246e6a elementor-widget elementor-widget-text-editor\" data-id=\"b246e6a\" data-element_type=\"widget\" data-e-type=\"widget\" data-widget_type=\"text-editor.default\">\n\t\t\t\t<div class=\"elementor-widget-container\">\n\t\t\t\t\t\t\t\t\t<p>L13-08, Niveau 13,<br \/>PJX \u2013 Tour HM Shah,<br \/>16A, Persiaran Barat, Pjs 52,<br \/>46200 Petaling Jaya, Selangor, Malaisie.<\/p>\t\t\t\t\t\t\t\t<\/div>\n\t\t\t\t<\/div>\n\t\t<div class=\"elementor-element elementor-element-8d612f2 e-con-full e-flex e-con e-child\" data-id=\"8d612f2\" data-element_type=\"container\" data-e-type=\"container\">\n\t\t\t\t<div class=\"elementor-element elementor-element-d32aedd elementor-widget elementor-widget-heading\" data-id=\"d32aedd\" data-element_type=\"widget\" data-e-type=\"widget\" data-widget_type=\"heading.default\">\n\t\t\t\t<div class=\"elementor-widget-container\">\n\t\t\t\t\t<div class=\"elementor-heading-title elementor-size-default\"><a href=\"tel:%20+603-7499%206273\">+603-7499 6273<\/a><\/div>\t\t\t\t<\/div>\n\t\t\t\t<\/div>\n\t\t\t\t<\/div>\n\t\t<div class=\"elementor-element elementor-element-0ef37e4 e-con-full e-flex e-con e-child\" data-id=\"0ef37e4\" data-element_type=\"container\" data-e-type=\"container\">\n\t\t\t\t<div class=\"elementor-element elementor-element-7bc4d31 iconic-cta-map elementor-widget elementor-widget-button\" data-id=\"7bc4d31\" data-element_type=\"widget\" data-e-type=\"widget\" data-widget_type=\"button.default\">\n\t\t\t\t<div class=\"elementor-widget-container\">\n\t\t\t\t\t\t\t\t\t<div class=\"elementor-button-wrapper\">\n\t\t\t\t\t<a class=\"elementor-button elementor-button-link elementor-size-sm\" href=\"#\">\n\t\t\t\t\t\t<span class=\"elementor-button-content-wrapper\">\n\t\t\t\t\t\t<span class=\"elementor-button-icon\">\n\t\t\t\t<svg aria-hidden=\"true\" class=\"e-font-icon-svg e-fas-map-marker-alt\" viewbox=\"0 0 384 512\" xmlns=\"http:\/\/www.w3.org\/2000\/svg\"><path d=\"M172.268 501.67C26.97 291.031 0 269.413 0 192 0 85.961 85.961 0 192 0s192 85.961 192 192c0 77.413-26.97 99.031-172.268 309.67-9.535 13.774-29.93 13.773-39.464 0zM192 272c44.183 0 80-35.817 80-80s-35.817-80-80-80-80 35.817-80 80 35.817 80 80 80z\"><\/path><\/svg>\t\t\t<\/span>\n\t\t\t\t\t\t\t\t\t<span class=\"elementor-button-text\">Obtenir un itin\u00e9raire<\/span>\n\t\t\t\t\t<\/span>\n\t\t\t\t\t<\/a>\n\t\t\t\t<\/div>\n\t\t\t\t\t\t\t\t<\/div>\n\t\t\t\t<\/div>\n\t\t\t\t<\/div>\n\t\t\t\t<\/div>\n\t\t\t\t<\/div>\n\t\t\t\t<\/div>\n\t\t\t\t\t<\/div>\n\t\t\t\t<\/div>\n\t\t\t\t<\/div>","protected":false},"excerpt":{"rendered":"<p>Contact Airscan Airscan works with organisations, institutions, and individuals engaged in improving environmental quality and human wellbeing. Whether you\u2019re exploring collaboration, learning more about our work, or reaching out for another reason, this is where those conversations begin. Our locations Airscan Belgium Rue d&#8217;Accolay 15\/17,1000 Bruxelles, Belgium. +32 47497 8399 info@airscan.org Get directions Airscan Malaysia [&hellip;]<\/p>\n","protected":false},"author":2,"featured_media":0,"parent":0,"menu_order":0,"comment_status":"closed","ping_status":"closed","template":"","meta":{"_acf_changed":false,"footnotes":""},"class_list":["post-1945","page","type-page","status-publish","hentry"],"acf":[],"_links":{"self":[{"href":"https:\/\/airscan.org\/fr\/wp-json\/wp\/v2\/pages\/1945","targetHints":{"allow":["GET"]}}],"collection":[{"href":"https:\/\/airscan.org\/fr\/wp-json\/wp\/v2\/pages"}],"about":[{"href":"https:\/\/airscan.org\/fr\/wp-json\/wp\/v2\/types\/page"}],"author":[{"embeddable":true,"href":"https:\/\/airscan.org\/fr\/wp-json\/wp\/v2\/users\/2"}],"replies":[{"embeddable":true,"href":"https:\/\/airscan.org\/fr\/wp-json\/wp\/v2\/comments?post=1945"}],"version-history":[{"count":5,"href":"https:\/\/airscan.org\/fr\/wp-json\/wp\/v2\/pages\/1945\/revisions"}],"predecessor-version":[{"id":4103,"href":"https:\/\/airscan.org\/fr\/wp-json\/wp\/v2\/pages\/1945\/revisions\/4103"}],"wp:attachment":[{"href":"https:\/\/airscan.org\/fr\/wp-json\/wp\/v2\/media?parent=1945"}],"curies":[{"name":"wp","href":"https:\/\/api.w.org\/{rel}","templated":true}]}}